{"id":294,"date":"2020-10-24T02:44:28","date_gmt":"2020-10-24T02:44:28","guid":{"rendered":"https:\/\/cocotalgolfclub.com\/dev\/terminos-y-condiciones-de-uso\/"},"modified":"2020-10-28T18:15:08","modified_gmt":"2020-10-28T18:15:08","slug":"terminos-y-condiciones-de-uso","status":"publish","type":"page","link":"https:\/\/cocotalgolfclub.com\/es\/terminos-y-condiciones-de-uso\/","title":{"rendered":"T\u00e9rminos y condiciones de uso"},"content":{"rendered":"\n<p>Bienvenido al sitio web cocotalgolf.com, propiedad de COCOTAL GOLF &amp; COUNTRY CLUB, Una compa\u00f1\u00eda legalmente constituida en Rep\u00fablica Dominicana.<\/p>\n\n\n\n<p>Este contrato describe los t\u00e9rminos y condiciones generales (en adelante solo \u00abT\u00c9RMINOS Y CONDICIONES\u00bb) aplicables al uso de los contenidos, productos y servicios ofrecidos a trav\u00e9s del sitio cocotalgolf.com (en adelante, \u00abSITIO WEB\u00bb), que es el propietario de COCOTAL GOLF &amp; COUNTRY CLUB .&nbsp;(en adelante, \u00abTITULAR\u00bb) quien tiene su direcci\u00f3n establecida en la direcci\u00f3n: Su direcci\u00f3n aqu\u00ed.<\/p>\n\n\n\n<p>Cualquier persona que desee acceder o hacer uso del sitio o de los servicios ofrecidos en el mismo, puede hacerlo sujeto a los T\u00c9RMINOS Y CONDICIONES actuales, as\u00ed como a las pol\u00edticas y principios incorporados en este documento.&nbsp;En cualquier caso, cualquier persona que no acepte estos t\u00e9rminos y condiciones, debe abstenerse de utilizar el SITIO WEB y \/ o adquirir los productos y servicios que se pueden ofrecer.<\/p>\n\n\n\n<p><h3>I. SOBRE EL ACUERDO.<\/h3><\/p>\n\n\n\n<p>El prop\u00f3sito de estos T\u00c9RMINOS Y CONDICIONES es regular el acceso y el uso del SITIO WEB, entendido como cualquier tipo de contenido, producto o servicio que est\u00e9 disponible para el p\u00fablico en general dentro del dominio: cocotalgolf.com.<\/p>\n\n\n\n<p>El TITULAR se reserva el derecho de modificar en cualquier momento y sin previo aviso, la presentaci\u00f3n, el contenido, la funcionalidad, los productos, los servicios y la configuraci\u00f3n que puedan estar contenidos en el SITIO WEB;&nbsp;En este sentido, el USUARIO reconoce y acepta que COCOTAL GOLF &amp; COUNTRY CLUB&nbsp;en cualquier momento puede interrumpir, desactivar o cancelar cualquiera de los elementos que conforman el SITIO WEB o acceder a ellos.<\/p>\n\n\n\n<p>El acceso al SITIO WEB del USUARIO es gratuito y, como regla general, es gratuito sin que el USUARIO tenga que pagar una tarifa para poder disfrutarlo, excepto en relaci\u00f3n con el costo de la conexi\u00f3n a Internet proporcionada por el proveedor.&nbsp;Este tipo de servicios que ha contratado el mismo USUARIO.<\/p>\n\n\n\n<p>El acceso a una parte de los contenidos y servicios del SITIO WEB puede realizarse previa suscripci\u00f3n o registro previo del USUARIO.<\/p>\n\n\n\n<p>El SITIO WEB est\u00e1 dirigido exclusivamente a empresas o anunciantes que no son agencias de publicidad o intermediarios de medios publicitarios;&nbsp;En este sentido, COCOTAL GOLF &amp; COUNTRY CLUB&nbsp;declina cualquier responsabilidad por el incumplimiento de este requisito.<\/p>\n\n\n\n<p>El SITIO WEB est\u00e1 dirigido a USUARIOS que residen en cualquier pa\u00eds, pero que tengan su domicilio legal en la Rep\u00fablica Dominicana, COCOTAL GOLF &amp; COUNTRY CLUB&nbsp;no garantiza que el SITIO WEB cumpla total o parcialmente con la legislaci\u00f3n de otros pa\u00edses, por lo que, si el USUARIO reside o tiene su domicilio establecido en otro pa\u00eds y decide acceder o utilizar el SITIO WEB, lo har\u00e1 bajo su propio riesgo y debe garantizar que dicho acceso y navegaci\u00f3n cumplan con la legislaci\u00f3n local que le sea aplicable, no asumiendo que COCOTAL GOLF &amp; COUNTRY CLUB&nbsp;Ninguna responsabilidad que pueda derivarse de dicho acto.<\/p>\n\n\n\n<p>Se informa al USUARIO que el PROPIETARIO puede administrar o administrar el SITIO WEB directamente oa trav\u00e9s de un tercero, que no modifica en modo alguno las disposiciones de estos T\u00c9RMINOS Y CONDICIONES.<\/p>\n\n\n\n<h3 class=\"wp-block-heading\"><strong>II.&nbsp;DESDE EL USUARIO.<\/strong><\/h3>\n\n\n\n<p>El acceso o uso del SITIO WEB confiere la condici\u00f3n de USUARIO del SITIO WEB, por lo tanto, estar\u00e1 sujeto a los T\u00c9RMINOS Y CONDICIONES presentes, as\u00ed como a sus modificaciones posteriores, sin perjuicio de la aplicaci\u00f3n de la legislaci\u00f3n aplicable, por lo tanto, ser aceptado desde el momento en que acceda al SITIO WEB.&nbsp;Dada la relevancia de lo anterior, se recomienda que el USUARIO revise las actualizaciones realizadas a estos T\u00c9RMINOS Y CONDICIONES.<\/p>\n\n\n\n<p>Es responsabilidad del USUARIO utilizar el SITIO WEB de acuerdo con la forma en que fue dise\u00f1ado;&nbsp;En este sentido, est\u00e1 prohibido el uso de cualquier tipo de software que automatice la interacci\u00f3n o descarga de los contenidos o servicios proporcionados a trav\u00e9s del SITIO WEB.&nbsp;Adem\u00e1s, el USUARIO se compromete a utilizar la informaci\u00f3n, el contenido o los servicios ofrecidos a trav\u00e9s del SITIO WEB de manera legal, sin contravenir las disposiciones de estos T\u00c9RMINOS Y CONDICIONES, la moralidad o el orden p\u00fablico, y se abstendr\u00e1 de realizar cualquier acto que pueda implicar una afectaci\u00f3n. a los derechos de terceros, o de ninguna manera perjudicar\u00e1 el funcionamiento del SITIO WEB.<\/p>\n\n\n\n<p>Asimismo, el usuario acepta proporcionar informaci\u00f3n legal y veraz en los formularios habilitados en el SITIO WEB, en los que el usuario debe proporcionar cierta informaci\u00f3n o informaci\u00f3n para acceder a cualquier contenido, producto o servicio ofrecido por el propio SITIO WEB.&nbsp;En cualquier caso, el USUARIO notificar\u00e1 inmediatamente al PROPIETARIO sobre cualquier hecho que permita suponer el uso indebido de la informaci\u00f3n registrada en dichos formularios, como robo, p\u00e9rdida o acceso no autorizado a cuentas y \/ o contrase\u00f1as, con el fin de Proceder a su cancelaci\u00f3n inmediata.<\/p>\n\n\n\n<p>El \u00fanico acceso al SITIO WEB no implica el establecimiento de ning\u00fan tipo de relaci\u00f3n entre el PROPIETARIO y el USUARIO.<\/p>\n\n\n\n<p>Al ser un SITIO WEB dirigido exclusivamente a personas que han alcanzado la mayor\u00eda de edad, el USUARIO declara ser mayor de edad y tiene la capacidad legal necesaria para cumplir con estos T\u00c9RMINOS Y CONDICIONES.<\/p>\n\n\n\n<h3 class=\"wp-block-heading\">III.\u00a0ACCESO Y NAVEGACI\u00d3N EN EL SITIO WEB.<\/h3>\n\n\n\n<p>El PROPIETARIO no garantiza de ninguna manera la continuidad y disponibilidad de los contenidos, productos o servicios ofrecidos a trav\u00e9s del SITIO WEB, sin embargo, el PROPIETARIO llevar\u00e1 a cabo las acciones que, de acuerdo con sus posibilidades, le permiten mantener el correcto funcionamiento del SITIO WEB. sin que esto implique ninguna responsabilidad por parte de COCOTAL GOLF &amp; COUNTRY CLUB<\/p>\n\n\n\n<p>El TITULAR no es responsable de ning\u00fan da\u00f1o que pueda ser causado por el uso indebido del SITIO WEB.&nbsp;En ning\u00fan caso COCOTAL GOLF &amp; COUNTRY CLUB&nbsp;ser\u00e1 responsable por p\u00e9rdidas, da\u00f1os o p\u00e9rdidas de cualquier tipo que surjan del acceso o uso del SITIO WEB.<\/p>\n\n\n\n<h3 class=\"wp-block-heading\">IV.\u00a0POL\u00cdTICA DE PRIVACIDAD Y PROTECCI\u00d3N DE DATOS.<\/h3>\n\n\n\n<p>El TITULAR se compromete a adoptar las medidas necesarias que est\u00e9n a su alcance para garantizar la privacidad de los datos personales recopilados de manera que se evite su seguridad, su alteraci\u00f3n, p\u00e9rdida o tratamiento no autorizado.<\/p>\n\n\n\n<p>Adem\u00e1s, todos los datos personales que se recopilan a trav\u00e9s del SITIO WEB se tratar\u00e1n de acuerdo con los principios de legalidad, calidad, prop\u00f3sito, lealtad y responsabilidad.&nbsp;Todo el procesamiento de datos personales estar\u00e1 sujeto al consentimiento de su propietario.&nbsp;En cualquier caso, el uso de datos financieros o patrimoniales requerir\u00e1 la autorizaci\u00f3n expresa de los tenedores, sin embargo, esto se puede hacer a trav\u00e9s del SITIO WEB utilizando los mecanismos provistos para ese fin, y en todos los casos se dar\u00e1 la mayor diligencia.&nbsp;Cuidado con este tipo de datos.&nbsp;Lo mismo ocurrir\u00e1 en el caso de datos personales confidenciales, considerando aquellos que debido a un uso indebido pueden dar lugar a discriminaci\u00f3n o su divulgaci\u00f3n conlleva un riesgo para el propietario.<\/p>\n\n\n\n<p>En todo momento, intentaremos asegurarnos de que los datos personales contenidos en las bases de datos o los archivos utilizados, en su caso, sean relevantes, correctos y actualizados para los fines para los que fueron recopilados.<\/p>\n\n\n\n<p>El procesamiento de datos personales se limitar\u00e1 al cumplimiento de los fines establecidos en el Aviso de privacidad, que estar\u00e1 disponible en la siguiente direcci\u00f3n electr\u00f3nica: cocotalgolf.com\/privacy.html<\/p>\n\n\n\n<p>El SITIO WEB puede incluir hiperv\u00ednculos o enlaces que permiten el acceso a p\u00e1ginas web de terceros que no sean COCOTAL GOLF &amp; COUNTRY CLUB&nbsp;Los propietarios de dichos sitios web tendr\u00e1n sus propias pol\u00edticas de privacidad y protecci\u00f3n de datos, por lo que COCOTAL GOLF &amp; COUNTRY CLUB&nbsp;no asume ninguna responsabilidad por los datos proporcionados por el USUARIO a trav\u00e9s de cualquier sitio web que no sea cocotalgolf.com.<\/p>\n\n\n\n<p>COCOTAL GOLF &amp; COUNTRY CLUB se reserva el derecho de modificar su Pol\u00edtica de Privacidad, de acuerdo con sus necesidades o derivada de cualquier cambio en la legislaci\u00f3n.&nbsp;El acceso o uso del SITIO WEB despu\u00e9s de estos cambios implicar\u00e1 la aceptaci\u00f3n de estos cambios.<\/p>\n\n\n\n<p>Por otro lado, el acceso al SITIO WEB puede implicar el uso de cookies, que son peque\u00f1as cantidades de informaci\u00f3n que se almacenan en el navegador utilizado por el USUARIO.&nbsp;Las cookies facilitan la navegaci\u00f3n, lo hacen m\u00e1s amigable y no da\u00f1an el dispositivo de navegaci\u00f3n, para esto, pueden recopilar informaci\u00f3n para acceder al SITIO WEB, almacenar las preferencias del USUARIO, as\u00ed como la interacci\u00f3n que esto tiene con el SITIO WEB, como por ejemplo : la fecha y hora en que se accede al SITIO WEB, la hora en que se us\u00f3, los sitios visitados antes y despu\u00e9s, el n\u00famero de p\u00e1ginas visitadas, la direcci\u00f3n IP a la que accede el usuario, la frecuencia de las visitas, etc.<\/p>\n\n\n\n<p>Este tipo de informaci\u00f3n se utilizar\u00e1 para mejorar el SITIO WEB, detectar errores y las posibles necesidades que el USUARIO pueda tener, a fin de ofrecer a los USUARIOS servicios y contenido de mejor calidad.&nbsp;En cualquier caso, la informaci\u00f3n que se recopila ser\u00e1 an\u00f3nima y los usuarios individuales no ser\u00e1n identificados.<\/p>\n\n\n\n<p>En caso de que el USUARIO no desee que se recopile este tipo de informaci\u00f3n, debe desactivar, rechazar, restringir y \/ o eliminar el uso de cookies en su navegador de Internet.&nbsp;Los procedimientos para realizar estas acciones pueden diferir de un navegador a otro;&nbsp;en consecuencia, se sugiere revisar las instrucciones proporcionadas por el desarrollador del navegador.&nbsp;En caso de que rechace el uso de cookies (total o parcialmente), el USUARIO puede continuar utilizando el SITIO WEB, aunque algunas de sus funciones pueden estar deshabilitadas.<\/p>\n\n\n\n<p>Es posible que en el futuro estas pol\u00edticas con respecto a las cookies cambien o se actualicen, por lo que es recomendable revisar las actualizaciones realizadas a estos T\u00c9RMINOS Y CONDICIONES, para estar adecuadamente informado sobre c\u00f3mo y por qu\u00e9 utilizamos las cookies que se generan al ingresar o hacer. uso del sitio web.<\/p>\n\n\n\n<h3 class=\"wp-block-heading\">V. POL\u00cdTICA DE ENLACES.<\/h3>\n\n\n\n<p>El SITIO WEB puede contener enlaces, contenidos, servicios o funciones de otros sitios de Internet que pertenecen o est\u00e1n administrados por terceros, como im\u00e1genes, videos, comentarios, motores de b\u00fasqueda, etc.<\/p>\n\n\n\n<p>El uso de estos enlaces, contenidos, servicios o funciones, tiene como objetivo mejorar la experiencia del USUARIO al utilizar el SITIO WEB, sin que se considere una sugerencia, recomendaci\u00f3n o invitaci\u00f3n para hacer uso de sitios externos.&nbsp;COCOTAL GOLF &amp; COUNTRY CLUB&nbsp;en ning\u00fan caso revisar\u00e1 ni controlar\u00e1 el contenido de los sitios externos, de la misma manera, no har\u00e1 que los productos, servicios, contenidos y cualquier otro material existente en los sitios vinculados mencionados anteriormente;&nbsp;por lo tanto, tampoco se garantizar\u00e1 la disponibilidad, precisi\u00f3n, veracidad, validez o legalidad de los sitios externos a los que se puede acceder a trav\u00e9s del SITIO WEB.&nbsp;Del mismo modo, el PROPIETARIO no asume ninguna responsabilidad por los da\u00f1os que puedan ocurrir debido al acceso o uso de los contenidos, productos o servicios disponibles en sitios web no gestionados por COCOTAL GOLF &amp; COUNTRY CLUB&nbsp;Se puede acceder a trav\u00e9s de la WEB.<\/p>\n\n\n\n<h3 class=\"wp-block-heading\">VI.\u00a0POL\u00cdTICA DE PROPIEDAD INTELECTUAL.<\/h3>\n\n\n\n<p>COCOTAL GOLF &amp; COUNTRY CLUB&nbsp;posee todos los derechos de propiedad intelectual e industrial del SITIO WEB, entendiendo de este modo el c\u00f3digo fuente que hace posible su operaci\u00f3n, as\u00ed como las im\u00e1genes, archivos de audio o video, logotipos, marcas, combinaciones de colores, estructuras, dise\u00f1os y otros elementos que distinguen eso.&nbsp;Por lo tanto, estar\u00e1n protegidos por la legislaci\u00f3n nacional sobre propiedad intelectual e industrial, as\u00ed como por los tratados internacionales aplicables.&nbsp;Por lo tanto, la reproducci\u00f3n, distribuci\u00f3n o difusi\u00f3n de los contenidos del SITIO WEB, con fines comerciales, en cualquier medio y sin ninguna autorizaci\u00f3n por parte de COCOTAL GOLF &amp; COUNTRY CLUB est\u00e1 expresamente prohibida.<\/p>\n\n\n\n<p>El USUARIO se compromete a respetar los derechos de propiedad intelectual e industrial del PROPIETARIO.&nbsp;Sin embargo, adem\u00e1s de poder visualizar los elementos del SITIO WEB, puede imprimirlos, copiarlos o almacenarlos, siempre y cuando sea exclusivamente para su uso estrictamente personal.<\/p>\n\n\n\n<p>Por otro lado, el USUARIO se abstendr\u00e1 de eliminar, alterar o manipular cualquier elemento, archivo o contenido del SITIO WEB, y por ning\u00fan motivo realizar\u00e1 actos que puedan violar la seguridad, los archivos o las bases de datos que est\u00e9n protegidos, ya sea a trav\u00e9s de un acceso restringido a trav\u00e9s de un usuario y contrase\u00f1a, o porque no tiene los permisos para verlos, editarlos o manipularlos.<\/p>\n\n\n\n<p>En el caso de que el USUARIO o cualquier tercero considere que cualquiera de los contenidos del SITIO WEB implique una violaci\u00f3n de los derechos de protecci\u00f3n de la propiedad industrial o intelectual, debe notificarlo inmediatamente a COCOTAL GOLF &amp; COUNTRY CLUB&nbsp;a trav\u00e9s de la informaci\u00f3n de contacto disponible en el SITIO WEB y \/ o a trav\u00e9s de los siguientes medios:<\/p>\n\n\n\n<p>Tel\u00e9fono: +1 809-000-0000<\/p>\n\n\n\n<p>Correo electr\u00f3nico:&nbsp;su email de contacto aqu\u00ed<\/p>\n\n\n\n<h3 class=\"wp-block-heading\">VII.\u00a0LEGISLACI\u00d3N Y JURISDICCI\u00d3N APLICABLE.<\/h3>\n\n\n\n<p>COCOTAL GOLF &amp; COUNTRY CLUB se reserva el derecho de presentar acciones civiles o penales que se consideren necesarias por el uso indebido del SITIO WEB, su contenido, productos o servicios, o por el incumplimiento de estos T\u00c9RMINOS Y CONDICIONES. La relaci\u00f3n entre el USUARIO y COCOTAL GOLF &amp; COUNTRY CLUB&nbsp;Se regir\u00e1 por la legislaci\u00f3n vigente en la Rep\u00fablica Dominicana.&nbsp;Si surgiera alg\u00fan conflicto en relaci\u00f3n con la interpretaci\u00f3n y \/ o la aplicaci\u00f3n de estos T\u00c9RMINOS Y CONDICIONES, las partes se someter\u00e1n a la jurisdicci\u00f3n ordinaria de los tribunales correspondientes de acuerdo con la ley del pa\u00eds al que se hace referencia.<\/p>\n\n\n\n<p>\u00daltima actualizaci\u00f3n el 30 de octubre del 2020<\/p>\n","protected":false},"excerpt":{"rendered":"<p>Bienvenido al sitio web cocotalgolf.com, propiedad de COCOTAL GOLF &amp; COUNTRY CLUB, Una compa\u00f1\u00eda legalmente constituida en Rep\u00fablica Dominicana. Este contrato describe los t\u00e9rminos y condiciones generales (en adelante solo \u00abT\u00c9RMINOS Y CONDICIONES\u00bb) aplicables al uso de los contenidos, productos y servicios ofrecidos a trav\u00e9s del sitio cocotalgolf.com (en adelante, \u00abSITIO WEB\u00bb), que es el [&hellip;]<\/p>\n","protected":false},"author":2,"featured_media":0,"parent":0,"menu_order":0,"comment_status":"closed","ping_status":"closed","template":"privacy.php","meta":{"_acf_changed":false,"footnotes":""},"class_list":["post-294","page","type-page","status-publish","hentry"],"acf":[],"_links":{"self":[{"href":"https:\/\/cocotalgolfclub.com\/es\/wp-json\/wp\/v2\/pages\/294","targetHints":{"allow":["GET"]}}],"collection":[{"href":"https:\/\/cocotalgolfclub.com\/es\/wp-json\/wp\/v2\/pages"}],"about":[{"href":"https:\/\/cocotalgolfclub.com\/es\/wp-json\/wp\/v2\/types\/page"}],"author":[{"embeddable":true,"href":"https:\/\/cocotalgolfclub.com\/es\/wp-json\/wp\/v2\/users\/2"}],"replies":[{"embeddable":true,"href":"https:\/\/cocotalgolfclub.com\/es\/wp-json\/wp\/v2\/comments?post=294"}],"version-history":[{"count":3,"href":"https:\/\/cocotalgolfclub.com\/es\/wp-json\/wp\/v2\/pages\/294\/revisions"}],"predecessor-version":[{"id":434,"href":"https:\/\/cocotalgolfclub.com\/es\/wp-json\/wp\/v2\/pages\/294\/revisions\/434"}],"wp:attachment":[{"href":"https:\/\/cocotalgolfclub.com\/es\/wp-json\/wp\/v2\/media?parent=294"}],"curies":[{"name":"wp","href":"https:\/\/api.w.org\/{rel}","templated":true}]}}