{"id":324,"date":"2020-10-24T23:25:52","date_gmt":"2020-10-24T23:25:52","guid":{"rendered":"https:\/\/cocotalgolfclub.com\/dev\/politica-de-privacidad\/"},"modified":"2020-10-28T18:32:56","modified_gmt":"2020-10-28T18:32:56","slug":"politica-de-privacidad","status":"publish","type":"page","link":"https:\/\/cocotalgolfclub.com\/es\/politica-de-privacidad\/","title":{"rendered":"Pol\u00edtica de privacidad"},"content":{"rendered":"\n<p>Respetando las disposiciones de la legislaci\u00f3n internacional vigente,&nbsp;<strong>cocotalgolf.com<\/strong>&nbsp;(en adelante, tambi\u00e9n el sitio web) se compromete a adoptar las medidas t\u00e9cnicas y organizativas necesarias, de acuerdo con el nivel de seguridad adecuado al riesgo de los datos recopilados.<\/p>\n\n\n\n<p><strong>Leyes internacionales que incorporan esta pol\u00edtica de privacidad.<\/strong><\/p>\n\n\n\n<p>Esta pol\u00edtica de privacidad, aplicable y v\u00e1lida en todos los pa\u00edses, est\u00e1 adaptada a las normativas espa\u00f1olas y europeas vigentes en materia de protecci\u00f3n de datos personales en Internet.&nbsp;En particular, respeta las siguientes reglas:<\/p>\n\n\n\n<ul class=\"wp-block-list\"><li>Reglamento (UE) 2016\/679 del Parlamento Europeo y del Consejo, de 27 de abril de 2016, sobre la protecci\u00f3n de las personas f\u00edsicas en lo que respecta al tratamiento de datos personales y la libre circulaci\u00f3n de dichos datos (RGPD).<\/li><li>La Ley Org\u00e1nica 15\/1999, de 13 de diciembre, de Protecci\u00f3n de Datos Personales (LOPD).<\/li><li>El Real Decreto 1720\/2007, de 21 de diciembre, por el que se aprueba el Reglamento de desarrollo de la Ley Org\u00e1nica 15\/1999, de 13 de diciembre, de Protecci\u00f3n de Datos de Naturaleza (RDLOPD).<\/li><li>Ley 34\/2002, de 11 de julio, de Servicios de la Sociedad de la Informaci\u00f3n y de Comercio Electr\u00f3nico (LSSI-CE).<\/li><\/ul>\n\n\n\n<h3 class=\"wp-block-heading\">REGISTRO DE DATOS PERSONALES<\/h3>\n\n\n\n<p>Los datos personales recopilados por&nbsp;<strong>cocotalgolf.com<\/strong>&nbsp;, a trav\u00e9s de los formularios extendidos en sus p\u00e1ginas, se ingresar\u00e1n en un archivo automatizado bajo la responsabilidad de esta instituci\u00f3n, para facilitar, agilizar y cumplir los compromisos establecidos entre&nbsp;<strong>cocotalgolf.com<\/strong>&nbsp;y el Usuario o El mantenimiento de la relaci\u00f3n establecida en los formularios que completa, o para responder a una solicitud o consulta de los mismos.<\/p>\n\n\n\n<p><strong>Principios aplicables al tratamiento de datos personales.<\/strong><\/p>\n\n\n\n<p>El tratamiento de los datos personales del Usuario estar\u00e1 sujeto a los siguientes principios establecidos en el art\u00edculo 5 de la RGPD:<\/p>\n\n\n\n<ul class=\"wp-block-list\"><li>Principio de legalidad, lealtad y transparencia: se requerir\u00e1 el consentimiento del Usuario en todo momento antes de obtener informaci\u00f3n totalmente transparente de los fines para los que se recopilan los datos personales.<\/li><li>Principio de limitaci\u00f3n del prop\u00f3sito: los datos personales se recopilar\u00e1n para fines espec\u00edficos, expl\u00edcitos y leg\u00edtimos.<\/li><li>Principio de minimizaci\u00f3n de los datos: los datos personales recopilados ser\u00e1n \u00fanicamente los estrictamente necesarios en relaci\u00f3n con los fines para los que se tratan.<\/li><li>Principio de precisi\u00f3n: los datos personales deben ser precisos y siempre actualizados.<\/li><li>Principio de limitaci\u00f3n del t\u00e9rmino de conservaci\u00f3n: los datos personales solo se mantendr\u00e1n de manera que permitan la identificaci\u00f3n del Usuario durante el tiempo necesario para los fines de su tratamiento.<\/li><li>Principio de integridad y confidencialidad: los datos personales se tratar\u00e1n de una manera que garantice su seguridad y confidencialidad.<\/li><li>Principio de responsabilidad proactiva: El controlador ser\u00e1 responsable de garantizar que se cumplan los principios anteriores.<\/li><\/ul>\n\n\n\n<p><strong>Categorias de datos personales.<\/strong><\/p>\n\n\n\n<p>Las categor\u00edas de datos que se tratan en&nbsp;<strong>cocotalgolf.com<\/strong>&nbsp;son solo datos de identificaci\u00f3n.&nbsp;En ning\u00fan caso se tratan categor\u00edas especiales de datos personales en el sentido del art\u00edculo 9 de la RGPD.<\/p>\n\n\n\n<p><strong>Base jur\u00eddica para el tratamiento de datos personales.<\/strong><\/p>\n\n\n\n<p>La base legal para el tratamiento de datos personales es el consentimiento.&nbsp;<strong>cocotalgolf.com se<\/strong>&nbsp;compromete a obtener el consentimiento expreso y verificable del Usuario para el procesamiento de sus datos personales para uno o varios prop\u00f3sitos espec\u00edficos.<\/p>\n\n\n\n<p>El Usuario tendr\u00e1 derecho a retirar su consentimiento en cualquier momento.&nbsp;Ser\u00e1 tan f\u00e1cil retirar el consentimiento como lo es darlo.&nbsp;Como regla general, el retiro del consentimiento no condicionar\u00e1 el uso del sitio web.<\/p>\n\n\n\n<p>En las ocasiones en que el Usuario deba o pueda proporcionar su informaci\u00f3n a trav\u00e9s de formularios para realizar consultas, solicitar informaci\u00f3n o por motivos relacionados con el contenido del Sitio web, se le informar\u00e1 en caso de que la finalizaci\u00f3n de alguno de ellos sea obligatoria porque es esencial para El correcto desarrollo de la operaci\u00f3n realizada.<\/p>\n\n\n\n<p><strong>Periodos de retenci\u00f3n de datos personales.<\/strong><\/p>\n\n\n\n<p>Los datos personales solo se conservar\u00e1n durante el tiempo m\u00ednimo necesario para su procesamiento y, en cualquier caso, solo durante el siguiente per\u00edodo: 2 a\u00f1os o hasta que el Usuario solicite su eliminaci\u00f3n.<\/p>\n\n\n\n<p>Cuando se obtengan los datos personales, se informar\u00e1 al Usuario sobre el per\u00edodo durante el cual se mantendr\u00e1n los datos personales o, cuando no sea posible, los criterios utilizados para determinar este per\u00edodo.<\/p>\n\n\n\n<p><strong>Destinatarios de datos personales.<\/strong><\/p>\n\n\n\n<p>Los datos personales del Usuario no ser\u00e1n compartidos con terceros.&nbsp;En cualquier caso, cuando se obtengan los datos personales, se informar\u00e1 al Usuario sobre los destinatarios o las categor\u00edas de destinatarios de los datos personales.<\/p>\n\n\n\n<h3 class=\"wp-block-heading\">DATOS PERSONALES DE MENORES<\/h3>\n\n\n\n<p>Respetando las disposiciones de los art\u00edculos 8 de la RGPD y 13 de la RDLOPD, solo aquellos mayores de 14 a\u00f1os pueden otorgar su consentimiento para el procesamiento de sus datos personales de forma legal por parte de&nbsp;<strong>cocotalgolf.com<\/strong>&nbsp;.&nbsp;Si es un ni\u00f1o menor de 14 a\u00f1os, el consentimiento de los padres o tutores ser\u00e1 necesario para el tratamiento, y esto solo se considerar\u00e1 legal en la medida en que lo hayan autorizado.<\/p>\n\n\n\n<p><strong>Secreto y seguridad de los datos personales.<\/strong><\/p>\n\n\n\n<p><strong>cocotalgolf.com se<\/strong>&nbsp;compromete a adoptar las medidas t\u00e9cnicas y organizativas necesarias, de acuerdo con el nivel de seguridad adecuado al riesgo de los datos recopilados, de manera que garantice la seguridad de los datos personales y evite la destrucci\u00f3n, p\u00e9rdida o alteraci\u00f3n accidental o il\u00edcita de personas. datos transmitidos, conservados o procesados \u200b\u200bde otra manera, o comunicaci\u00f3n o acceso no autorizado a dichos datos.<\/p>\n\n\n\n<p>El sitio web tiene un certificado SSL (Secure Socket Layer), que garantiza que los datos personales se transmiten de manera segura y confidencial, ya que los datos se transmiten entre el servidor y el usuario, y en comentarios, totalmente encriptados o encriptados.<\/p>\n\n\n\n<p>Sin embargo, debido a que&nbsp;<strong>cocotalgolf.com<\/strong>&nbsp;no puede garantizar la inexputabilidad de Internet o la ausencia total de piratas inform\u00e1ticos u otras personas que acceden de manera fraudulenta a sus datos personales, el Controlador de Datos se compromete a notificar al Usuario sin demoras indebidas cuando se produce una violaci\u00f3n.&nbsp;la violaci\u00f3n de la seguridad de los datos personales que probablemente conlleve un alto riesgo para los derechos y libertades de las personas f\u00edsicas.&nbsp;De conformidad con lo dispuesto en el art\u00edculo 4 de la RGPD, la violaci\u00f3n de la seguridad de los datos personales significa cualquier violaci\u00f3n de la seguridad que cause la destrucci\u00f3n, p\u00e9rdida o alteraci\u00f3n accidental o ilegal de los datos personales transmitidos, conservados o procesados \u200b\u200bde otra manera, o la comunicaci\u00f3n o acceso no autorizado a dicho datos<\/p>\n\n\n\n<p>Los datos personales ser\u00e1n tratados como confidenciales por la persona responsable del procesamiento, que se compromete a informar y garantizar a trav\u00e9s de una obligaci\u00f3n legal o contractual que dicha confidencialidad sea respetada por sus empleados, asociados y cualquier persona a la que se pueda acceder.&nbsp;informaci\u00f3n.<\/p>\n\n\n\n<p><strong>Derechos derivados del tratamiento de datos personales.<\/strong><\/p>\n\n\n\n<p>El Usuario tiene&nbsp;<strong>cocotalgolf.com<\/strong>&nbsp;y, por lo tanto, puede ejercer los siguientes derechos reconocidos en el RGPD con el Responsable del tratamiento:<\/p>\n\n\n\n<ul class=\"wp-block-list\"><li>Derecho de acceso: el usuario tiene derecho a obtener una confirmaci\u00f3n de si&nbsp;<strong>cocotalgolf.com<\/strong>&nbsp;trata sus datos personales y, de ser as\u00ed, obtener informaci\u00f3n sobre sus datos personales espec\u00edficos y el tratamiento que&nbsp;<strong>cocotalgolf.com<\/strong>&nbsp;ha realizado o elabora, al igual que, entre otros, la informaci\u00f3n disponible sobre el origen de dichos datos y los destinatarios de las comunicaciones realizadas o planificadas.<\/li><li>Derecho de rectificaci\u00f3n: Es el derecho del Usuario modificar sus datos personales que resulten inexactos o, teniendo en cuenta los prop\u00f3sitos del tratamiento, incompletos.<\/li><li>Derecho de desistimiento (\u00abel derecho a ser olvidado\u00bb): es el derecho del Usuario, siempre que la legislaci\u00f3n vigente no establezca lo contrario, obtener la eliminaci\u00f3n de sus datos personales cuando ya no sean necesarios para los fines para los cuales fueron recogidos o tratados;&nbsp;el Usuario ha retirado su consentimiento al tratamiento y esto no tiene otra base legal;&nbsp;el Usuario se opone al tratamiento y no hay otra raz\u00f3n leg\u00edtima para continuar con \u00e9l;&nbsp;Los datos personales han sido tratados ilegalmente.&nbsp;Los datos personales deben ser eliminados en cumplimiento de una obligaci\u00f3n legal;&nbsp;o se han obtenido datos personales como resultado de una oferta directa de servicios de la sociedad de la informaci\u00f3n a un ni\u00f1o menor de 14 a\u00f1os.&nbsp;Adem\u00e1s de suprimir los datos, el controlador de datos,<\/li><li>Derecho a la limitaci\u00f3n del tratamiento: es el derecho del Usuario limitar el procesamiento de sus datos personales.&nbsp;El usuario tiene el derecho de obtener la limitaci\u00f3n del tratamiento cuando desaf\u00eda la exactitud de sus datos personales;&nbsp;el tratamiento es il\u00edcito;&nbsp;La persona a cargo del tratamiento ya no necesita los datos personales, pero el usuario los necesita para realizar reclamaciones;&nbsp;y cuando el Usuario se haya opuesto al tratamiento.<\/li><li>Derecho a la portabilidad de los datos: En caso de que el procesamiento se realice de forma automatizada, el Usuario tendr\u00e1 derecho a recibir del Controlador de datos sus datos personales en un formato estructurado, de uso com\u00fan y lectura mec\u00e1nica, y transmitirlos a otra persona a cargo.&nbsp;del tratamiento.&nbsp;Siempre que sea t\u00e9cnicamente posible, el Controlador de datos transmitir\u00e1 los datos directamente a la otra persona a cargo.<\/li><li>Derecho de oposici\u00f3n: Es el derecho del Usuario no llevar a cabo el procesamiento de sus datos personales o cesar el tratamiento de los mismos por parte de&nbsp;<strong>cocotalgolf.com<\/strong>&nbsp;.<\/li><li>Derecho a no ser sujeto a una decisi\u00f3n basada \u00fanicamente en el procesamiento automatizado, incluida la creaci\u00f3n de perfiles: es el derecho del Usuario a no ser sujeto de una decisi\u00f3n individualizada basada \u00fanicamente en el procesamiento automatizado de sus datos personales, incluida la elaboraci\u00f3n de perfiles, existentes a menos que La legislaci\u00f3n vigente establece lo contrario.<\/li><\/ul>\n\n\n\n<p>Por lo tanto, el Usuario puede ejercer sus derechos mediante una comunicaci\u00f3n escrita dirigida a la persona a cargo del procesamiento con la referencia o el asunto del correo \u00abRGPD \u2013&nbsp;<strong>www.cocotalgolfclub.com<\/strong>&nbsp;\u00ab, especificando:<\/p>\n\n\n\n<ul class=\"wp-block-list\"><li>Nombre, apellido del usuario y una copia de su identificaci\u00f3n o pasaporte.&nbsp;En los casos en que la representaci\u00f3n sea admitida, tambi\u00e9n ser\u00e1 necesaria la identificaci\u00f3n por el mismo medio de la persona que representa al Usuario, as\u00ed como el documento que acredite la representaci\u00f3n.&nbsp;La fotocopia de su documento de identidad puede ser sustituida, por cualquier otro medio v\u00e1lido en la ley que acredite la identidad.<\/li><li>Solicite con los motivos espec\u00edficos de la solicitud o informaci\u00f3n a la que desea acceder.<\/li><li>Direcci\u00f3n a efectos de las notificaciones.<\/li><li>Fecha y firma del solicitante.<\/li><li>Cualquier documento que certifique la solicitud que usted formula.<\/li><\/ul>\n\n\n\n<p>Esta solicitud y cualquier otro documento adjunto se pueden enviar a la siguiente compa\u00f1\u00eda COCOTAL GOLF &amp; COUNTRY CLUB, a la siguiente direcci\u00f3n y \/ o correo electr\u00f3nico:<\/p>\n\n\n\n<p>Direcci\u00f3n:&nbsp;<\/p>\n\n\n\n<p>Su direcci\u00f3n aqu\u00ed<\/p>\n\n\n\n<p>Tel\u00e9fono: +1 809-000-0000<br>Correo electr\u00f3nico:&nbsp;su email de contacto aqu\u00ed<br><br><\/p>\n\n\n\n<p><strong>Enlaces a sitios web de terceros<\/strong><\/p>\n\n\n\n<p>El sitio web puede incluir hiperv\u00ednculos o enlaces que permiten el acceso a p\u00e1ginas web de terceros que no sean&nbsp;<strong>cocotalgolf.com<\/strong>&nbsp;, y que, por lo tanto, no son operados por&nbsp;<strong>cocotalgolf.com<\/strong>&nbsp;.&nbsp;Los propietarios de estos sitios web tendr\u00e1n sus propias pol\u00edticas de protecci\u00f3n de datos, siendo ellos mismos, en cada caso, responsables de sus propios archivos y sus propias pr\u00e1cticas de privacidad.<\/p>\n\n\n\n<p><strong>Reclamaciones ante la autoridad supervisora.<\/strong><\/p>\n\n\n\n<p>En el caso de que el usuario que reside en la Uni\u00f3n Europea considere que existe un problema o una infracci\u00f3n de la normativa vigente en la forma en que se est\u00e1n procesando sus datos personales, tendr\u00e1 derecho a una protecci\u00f3n judicial efectiva ya presentar una reclamaci\u00f3n a una autoridad de control, en particular, en el Estado en el que tiene su residencia habitual, lugar de trabajo o lugar de la presunta infracci\u00f3n.&nbsp;En el caso de Espa\u00f1a, la autoridad de control es la Agencia Espa\u00f1ola de Protecci\u00f3n de Datos (http:\/\/www.agpd.es).<\/p>\n\n\n\n<h3 class=\"wp-block-heading\">II.&nbsp;POLITICA DE COOKIES<\/h3>\n\n\n\n<p>El acceso a este sitio web puede implicar el uso de cookies.&nbsp;Las cookies son peque\u00f1as cantidades de informaci\u00f3n que se almacenan en el navegador utilizado por cada usuario, en los diferentes dispositivos que se pueden usar para navegar, de modo que el servidor recuerde cierta informaci\u00f3n que luego leer\u00e1 y solo el servidor que la implement\u00f3.&nbsp;Las cookies facilitan la navegaci\u00f3n, la hacen m\u00e1s amigable y no da\u00f1an el dispositivo de navegaci\u00f3n.<\/p>\n\n\n\n<p>La informaci\u00f3n recopilada a trav\u00e9s de las cookies puede incluir la fecha y la hora de las visitas al sitio web, las p\u00e1ginas visitadas, el tiempo que ha estado en el sitio web y los sitios visitados justo antes y despu\u00e9s.&nbsp;Sin embargo, ninguna cookie permite contactarla con el n\u00famero de tel\u00e9fono del usuario o con cualquier otro medio de contacto personal.&nbsp;Ninguna cookie puede extraer informaci\u00f3n del disco duro del Usuario o robar informaci\u00f3n personal.&nbsp;La \u00fanica forma en que la informaci\u00f3n privada del usuario forma parte del archivo de cookies es que el usuario proporcione personalmente esa informaci\u00f3n al servidor.<\/p>\n\n\n\n<p>Las cookies que permiten identificar a una persona se consideran datos personales.&nbsp;Por lo tanto, la Pol\u00edtica de Privacidad descrita anteriormente se aplicar\u00e1 a ellos.&nbsp;En este sentido, ser\u00e1 necesario el consentimiento del Usuario para utilizarlos.&nbsp;Este consentimiento se comunicar\u00e1, en base a una elecci\u00f3n aut\u00e9ntica, ofrecida a trav\u00e9s de una decisi\u00f3n afirmativa y positiva, antes del tratamiento inicial, removible y documentado.<\/p>\n\n\n\n<p><strong>Galletas de terceros<\/strong><\/p>\n\n\n\n<p>Son cookies utilizadas y administradas por entidades externas que proporcionan&nbsp;<strong>cocotalgolf.com<\/strong>&nbsp;con los servicios solicitados por este \u00faltimo para mejorar el sitio web y la experiencia del usuario cuando navega por el sitio web.&nbsp;Los principales objetivos para los que se utilizan las cookies de terceros son obtener estad\u00edsticas de acceso y analizar la informaci\u00f3n de navegaci\u00f3n, es decir, c\u00f3mo interact\u00faa el Usuario con el sitio web.<\/p>\n\n\n\n<p>La informaci\u00f3n obtenida se refiere, por ejemplo, al n\u00famero de p\u00e1ginas visitadas, al idioma, al lugar desde donde se accede a la direcci\u00f3n IP, al n\u00famero de Usuarios que acceden, a la frecuencia y repetici\u00f3n de las visitas, al tiempo de visita, al navegador que utilizan, el operador o el tipo de dispositivo desde el que se realiza la visita.&nbsp;Esta informaci\u00f3n se utiliza para mejorar el sitio web y detectar nuevas necesidades para ofrecer a los usuarios un contenido y \/ o servicio de la m\u00e1s alta calidad.&nbsp;En cualquier caso, la informaci\u00f3n se recopila de forma an\u00f3nima y los informes de tendencias del sitio web se preparan sin identificar a los usuarios individuales.<\/p>\n\n\n\n<p><strong>Cookies de redes sociales<\/strong><\/p>\n\n\n\n<p><strong>cocotalgolf.com<\/strong>&nbsp;incorpora complementos de redes sociales, que permiten acceder a ellos desde el sitio web.&nbsp;Por este motivo, las cookies de las redes sociales se pueden almacenar en el navegador del usuario.&nbsp;Los propietarios de estas redes sociales tienen sus propias pol\u00edticas de protecci\u00f3n de datos y cookies, siendo ellos mismos, en cada caso, responsables de sus propios archivos y sus propias pr\u00e1cticas de privacidad.&nbsp;El Usuario debe consultarlos para obtener informaci\u00f3n sobre dichas cookies y, cuando corresponda, el procesamiento de sus datos personales.&nbsp;Con fines informativos, puede consultar esas pol\u00edticas de privacidad o cookies en los websites de las respectivas redes sociales.<\/p>\n\n\n\n<p><br><strong>Deshabilitar, rechazar y borrar cookies.<\/strong><\/p>\n\n\n\n<p>El usuario puede deshabilitar, rechazar y eliminar las cookies, total o parcialmente instaladas en su dispositivo a trav\u00e9s de la configuraci\u00f3n de su navegador (entre las que se encuentran, por ejemplo, Chrome, Firefox, Safari, Explorer).&nbsp;En este sentido, los procedimientos para rechazar y eliminar cookies pueden diferir de un navegador de Internet a otro.&nbsp;En consecuencia, el Usuario debe ir a las instrucciones proporcionadas por el navegador de Internet que est\u00e1 utilizando.&nbsp;En caso de que rechace el uso de cookies, total o parcialmente, puede continuar usando el sitio web, aunque puede tener un uso limitado de algunas de las mismas funciones.<\/p>\n\n\n\n<h3 class=\"wp-block-heading\"><strong>III.&nbsp;ACEPTACI\u00d3N<\/strong> <strong>Y CAMBIOS EN ESTA POL\u00cdTICA DE PRIVACIDAD<\/strong><\/h3>\n\n\n\n<p>Es necesario que el Usuario haya le\u00eddo y est\u00e9 satisfecho con las condiciones de protecci\u00f3n de datos personales contenidas en esta Pol\u00edtica de privacidad y cookies, as\u00ed como que acepte el procesamiento de sus datos personales para que la Persona a cargo del procesamiento pueda Proceda al mismo en el formulario, durante los plazos y para los fines indicados.&nbsp;El uso del sitio web implica la aceptaci\u00f3n de la pol\u00edtica de privacidad y cookies del mismo.<\/p>\n\n\n\n<p><strong>cocotalgolf.com se<\/strong>&nbsp;reserva el derecho de modificar su Pol\u00edtica de privacidad y cookies, seg\u00fan sus propios criterios, o motivado por un cambio legislativo, jurisprudencial o doctrinal de la Agencia Espa\u00f1ola de Protecci\u00f3n de Datos.&nbsp;Los cambios o actualizaciones a esta Pol\u00edtica de Privacidad y Cookies ser\u00e1n notificados expl\u00edcitamente al Usuario. Esta Pol\u00edtica de privacidad y cookies se actualiz\u00f3 el 1 de marzo de 2019 para adaptarse al Reglamento (UE) 2016\/679 del Parlamento Europeo y del Consejo, de 27 de abril de 2016, sobre la protecci\u00f3n de las personas f\u00edsicas en lo que respecta al procesamiento de datos personales. Los datos y la libre circulaci\u00f3n de estos datos (RGPD).<\/p>\n","protected":false},"excerpt":{"rendered":"<p>Respetando las disposiciones de la legislaci\u00f3n internacional vigente,&nbsp;cocotalgolf.com&nbsp;(en adelante, tambi\u00e9n el sitio web) se compromete a adoptar las medidas t\u00e9cnicas y organizativas necesarias, de acuerdo con el nivel de seguridad adecuado al riesgo de los datos recopilados. Leyes internacionales que incorporan esta pol\u00edtica de privacidad. Esta pol\u00edtica de privacidad, aplicable y v\u00e1lida en todos los [&hellip;]<\/p>\n","protected":false},"author":1,"featured_media":0,"parent":0,"menu_order":0,"comment_status":"closed","ping_status":"open","template":"privacy.php","meta":{"_acf_changed":false,"footnotes":""},"class_list":["post-324","page","type-page","status-publish","hentry"],"acf":[],"_links":{"self":[{"href":"https:\/\/cocotalgolfclub.com\/es\/wp-json\/wp\/v2\/pages\/324","targetHints":{"allow":["GET"]}}],"collection":[{"href":"https:\/\/cocotalgolfclub.com\/es\/wp-json\/wp\/v2\/pages"}],"about":[{"href":"https:\/\/cocotalgolfclub.com\/es\/wp-json\/wp\/v2\/types\/page"}],"author":[{"embeddable":true,"href":"https:\/\/cocotalgolfclub.com\/es\/wp-json\/wp\/v2\/users\/1"}],"replies":[{"embeddable":true,"href":"https:\/\/cocotalgolfclub.com\/es\/wp-json\/wp\/v2\/comments?post=324"}],"version-history":[{"count":3,"href":"https:\/\/cocotalgolfclub.com\/es\/wp-json\/wp\/v2\/pages\/324\/revisions"}],"predecessor-version":[{"id":436,"href":"https:\/\/cocotalgolfclub.com\/es\/wp-json\/wp\/v2\/pages\/324\/revisions\/436"}],"wp:attachment":[{"href":"https:\/\/cocotalgolfclub.com\/es\/wp-json\/wp\/v2\/media?parent=324"}],"curies":[{"name":"wp","href":"https:\/\/api.w.org\/{rel}","templated":true}]}}